{"id":19427,"date":"2021-05-12T17:22:40","date_gmt":"2021-05-12T22:22:40","guid":{"rendered":"https:\/\/latamjournalismreview.org\/?page_id=19427"},"modified":"2025-10-24T11:33:13","modified_gmt":"2025-10-24T16:33:13","slug":"lineamientos-para-reproducir-articulos-de-ljr","status":"publish","type":"page","link":"https:\/\/latamjournalismreview.org\/es\/lineamientos-para-reproducir-articulos-de-ljr\/","title":{"rendered":"Lineamientos para reproducir art\u00edculos de LJR"},"content":{"rendered":"<p><strong>LatAm Journalism Review (LJR)<\/strong> tiene como objetivo informar al mundo sobre los \u00e9xitos y desaf\u00edos de los medios de comunicaci\u00f3n y los periodistas de Am\u00e9rica Latina y el Caribe. Los lineamientos para reproducir nuestros textos en otros medios siguen las pautas de <a href=\"https:\/\/creativecommons.org\/licenses\/by-nc-nd\/4.0\/\">Creative Commons CC BY-NC-ND 4.0<\/a>. Le invitamos a volver a publicar nuestros art\u00edculos (y las correspondientes traducciones) de forma gratuita, siempre que siga las indicaciones a continuaci\u00f3n:<\/p>\n<ul>\n<li>Estas pautas de reproducci\u00f3n de art\u00edculos corresponden solo al contenido creado por nuestro <a href=\"https:\/\/latamjournalismreview.org\/es\/sobre-nosotros\/\">equipo de periodistas<\/a> y freelancers. En ocasiones, nosotros reproducimos art\u00edculos e historias de otros sitios web. Respecto a ese contenido, usted deber\u00e1 contactar a la organizaci\u00f3n correspondiente.<\/li>\n<li>Usa el bot\u00f3n de republicaci\u00f3n que se encuentra al final de cada art\u00edculo para acceder al c\u00f3digo de inserci\u00f3n HTML. Tambi\u00e9n contiene un p\u00edxel de monitoreo que nos permite medir el alcance.<\/li>\n<li>Coloque el cr\u00e9dito de nuestros periodistas usando su nombre como firma en la parte superior del art\u00edculo. Agregue tambi\u00e9n: \"Esta publicaci\u00f3n fue publicada originalmente por LatAm Journalism Review\".<\/li>\n<li>Incluya el enlace del art\u00edculo original de nuestro sitio web. Por favor incluya tambi\u00e9n todos los enlaces que existen dentro del texto de nuestra publicaci\u00f3n original.<\/li>\n<li>No edite el contenido del art\u00edculo, excepto por cambio de estilo menores. Si desea agregar informaci\u00f3n a alguno de nuestros art\u00edculos, por favor indique en una nota que su portal realiz\u00f3 indagaciones adicionales.<\/li>\n<li>No puede vender nuestros art\u00edculos ni las im\u00e1genes que estos contengan. Tampoco puede vender espacios publicitarios que vayan con el art\u00edculo.<\/li>\n<li>Si desea volver a publicar alguna imagen de nuestros sitios web, consulte con nosotros primero para ver si podemos otorgarle un permiso especial (algunas im\u00e1genes que usamos no son nuestras y no podemos autorizar su publicaci\u00f3n). P\u00f3ngase en contacto con <a href=\"mailto:latamjournalismreview@austin.utexas.edu\">latamjournalismreview@austin.utexas.edu<\/a>.<\/li>\n<li>Debemos poder comunicarnos con usted si tenemos alguna pregunta. Si est\u00e1 volviendo a publicar nuestro material, su sitio web debe tener informaci\u00f3n de contacto. Le pedimos que cumpla con nuestras solicitudes de cambiar o eliminar nuestro contenido de su sitio.<\/li>\n<li>El reproducir nuestros textos no conlleva ning\u00fan tipo de respaldo de LJR o de los miembros de su equipo cuando el contenido es publicado en otros sitios web o son incluidos en otras publicaciones. Adem\u00e1s, no existe ninguna compensaci\u00f3n por reproducir nuestro contenido.<\/li>\n<li>Por favor av\u00edsenos si reproduce alguno de nuestros art\u00edculos, envi\u00e1ndonos un mensaje a <a href=\"mailto:latamjournalismreview@austin.utexas.edu\">latamjournalismreview@austin.utexas.edu<\/a>.<\/li>\n<\/ul>\n","protected":false},"excerpt":{"rendered":"<p>LatAm Journalism Review (LJR) tiene como objetivo informar al mundo sobre los \u00e9xitos y desaf\u00edos de los medios de comunicaci\u00f3n y los periodistas de Am\u00e9rica Latina y el Caribe. Los lineamientos para reproducir nuestros textos en otros medios siguen las pautas de Creative Commons CC BY-NC-ND 4.0. Le invitamos a volver a publicar nuestros art\u00edculos [&hellip;]<\/p>\n","protected":false},"author":4,"featured_media":0,"parent":0,"menu_order":0,"comment_status":"closed","ping_status":"closed","template":"","meta":{"inline_featured_image":false,"footnotes":""},"coauthors":[3015],"class_list":["post-19427","page","type-page","status-publish","hentry"],"acf":[],"yoast_head":"<!-- This site is optimized with the Yoast SEO Premium plugin v22.6 (Yoast SEO v27.3) - https:\/\/yoast.com\/product\/yoast-seo-premium-wordpress\/ -->\n<title>Lineamientos para reproducir art\u00edculos de LJR - LatAm Journalism Review<\/title>\n<meta name=\"description\" content=\"Lineamientos para reproducir art\u00edculos de LJR\" \/>\n<meta name=\"robots\" content=\"index, follow, max-snippet:-1, max-image-preview:large, max-video-preview:-1\" \/>\n<link rel=\"canonical\" href=\"https:\/\/latamjournalismreview.org\/es\/lineamientos-para-reproducir-articulos-de-ljr\/\" \/>\n<meta property=\"og:locale\" content=\"es_ES\" \/>\n<meta property=\"og:type\" content=\"article\" \/>\n<meta property=\"og:title\" content=\"Lineamientos para reproducir art\u00edculos de LJR\" \/>\n<meta property=\"og:description\" content=\"Lineamientos para reproducir art\u00edculos de LJR\" \/>\n<meta property=\"og:url\" content=\"https:\/\/latamjournalismreview.org\/es\/lineamientos-para-reproducir-articulos-de-ljr\/\" \/>\n<meta property=\"og:site_name\" content=\"LatAm Journalism Review\" \/>\n<meta property=\"article:modified_time\" content=\"2025-10-24T16:33:13+00:00\" \/>\n<meta name=\"twitter:card\" content=\"summary_large_image\" \/>\n<meta name=\"twitter:site\" content=\"@LatAmJournalism\" \/>\n<meta name=\"twitter:label1\" content=\"Est. reading time\" \/>\n\t<meta name=\"twitter:data1\" content=\"2 minutos\" \/>\n\t<meta name=\"twitter:label2\" content=\"Written by\" \/>\n\t<meta name=\"twitter:data2\" content=\"Paola Nalvarte\" \/>\n<script type=\"application\/ld+json\" class=\"yoast-schema-graph\">{\"@context\":\"https:\\\/\\\/schema.org\",\"@graph\":[{\"@type\":\"WebPage\",\"@id\":\"https:\\\/\\\/latamjournalismreview.org\\\/es\\\/lineamientos-para-reproducir-articulos-de-ljr\\\/\",\"url\":\"https:\\\/\\\/latamjournalismreview.org\\\/es\\\/lineamientos-para-reproducir-articulos-de-ljr\\\/\",\"name\":\"Lineamientos para reproducir art\u00edculos de LJR - LatAm Journalism Review\",\"isPartOf\":{\"@id\":\"https:\\\/\\\/latamjournalismreview.org\\\/es\\\/#website\"},\"datePublished\":\"2021-05-12T22:22:40+00:00\",\"dateModified\":\"2025-10-24T16:33:13+00:00\",\"description\":\"Lineamientos para reproducir art\u00edculos de LJR\",\"breadcrumb\":{\"@id\":\"https:\\\/\\\/latamjournalismreview.org\\\/es\\\/lineamientos-para-reproducir-articulos-de-ljr\\\/#breadcrumb\"},\"inLanguage\":\"es\",\"potentialAction\":[{\"@type\":\"ReadAction\",\"target\":[\"https:\\\/\\\/latamjournalismreview.org\\\/es\\\/lineamientos-para-reproducir-articulos-de-ljr\\\/\"]}]},{\"@type\":\"BreadcrumbList\",\"@id\":\"https:\\\/\\\/latamjournalismreview.org\\\/es\\\/lineamientos-para-reproducir-articulos-de-ljr\\\/#breadcrumb\",\"itemListElement\":[{\"@type\":\"ListItem\",\"position\":1,\"name\":\"Home\",\"item\":\"https:\\\/\\\/latamjournalismreview.org\\\/es\\\/\"},{\"@type\":\"ListItem\",\"position\":2,\"name\":\"Lineamientos para reproducir art\u00edculos de LJR\"}]},{\"@type\":\"WebSite\",\"@id\":\"https:\\\/\\\/latamjournalismreview.org\\\/es\\\/#website\",\"url\":\"https:\\\/\\\/latamjournalismreview.org\\\/es\\\/\",\"name\":\"LatAm Journalism Review\",\"description\":\"Knight Center at The University of Texas\",\"publisher\":{\"@id\":\"https:\\\/\\\/latamjournalismreview.org\\\/es\\\/#organization\"},\"potentialAction\":[{\"@type\":\"SearchAction\",\"target\":{\"@type\":\"EntryPoint\",\"urlTemplate\":\"https:\\\/\\\/latamjournalismreview.org\\\/es\\\/?s={search_term_string}\"},\"query-input\":{\"@type\":\"PropertyValueSpecification\",\"valueRequired\":true,\"valueName\":\"search_term_string\"}}],\"inLanguage\":\"es\"},{\"@type\":\"Organization\",\"@id\":\"https:\\\/\\\/latamjournalismreview.org\\\/es\\\/#organization\",\"name\":\"LatAm Journalism Review\",\"url\":\"https:\\\/\\\/latamjournalismreview.org\\\/es\\\/\",\"logo\":{\"@type\":\"ImageObject\",\"inLanguage\":\"es\",\"@id\":\"https:\\\/\\\/latamjournalismreview.org\\\/es\\\/#\\\/schema\\\/logo\\\/image\\\/\",\"url\":\"https:\\\/\\\/latamjournalismreview.org\\\/wp-content\\\/uploads\\\/2020\\\/05\\\/knight-latAm-review-logo.svg\",\"contentUrl\":\"https:\\\/\\\/latamjournalismreview.org\\\/wp-content\\\/uploads\\\/2020\\\/05\\\/knight-latAm-review-logo.svg\",\"width\":\"1024\",\"height\":\"1024\",\"caption\":\"LatAm Journalism Review\"},\"image\":{\"@id\":\"https:\\\/\\\/latamjournalismreview.org\\\/es\\\/#\\\/schema\\\/logo\\\/image\\\/\"},\"sameAs\":[\"https:\\\/\\\/x.com\\\/LatAmJournalism\"]}]}<\/script>\n<!-- \/ Yoast SEO Premium plugin. -->","yoast_head_json":{"title":"Lineamientos para reproducir art\u00edculos de LJR - LatAm Journalism Review","description":"Lineamientos para reproducir art\u00edculos de LJR","robots":{"index":"index","follow":"follow","max-snippet":"max-snippet:-1","max-image-preview":"max-image-preview:large","max-video-preview":"max-video-preview:-1"},"canonical":"https:\/\/latamjournalismreview.org\/es\/lineamientos-para-reproducir-articulos-de-ljr\/","og_locale":"es_ES","og_type":"article","og_title":"Lineamientos para reproducir art\u00edculos de LJR","og_description":"Lineamientos para reproducir art\u00edculos de LJR","og_url":"https:\/\/latamjournalismreview.org\/es\/lineamientos-para-reproducir-articulos-de-ljr\/","og_site_name":"LatAm Journalism Review","article_modified_time":"2025-10-24T16:33:13+00:00","twitter_card":"summary_large_image","twitter_site":"@LatAmJournalism","twitter_misc":{"Est. reading time":"2 minutos","Written by":"Paola Nalvarte"},"schema":{"@context":"https:\/\/schema.org","@graph":[{"@type":"WebPage","@id":"https:\/\/latamjournalismreview.org\/es\/lineamientos-para-reproducir-articulos-de-ljr\/","url":"https:\/\/latamjournalismreview.org\/es\/lineamientos-para-reproducir-articulos-de-ljr\/","name":"Lineamientos para reproducir art\u00edculos de LJR - LatAm Journalism Review","isPartOf":{"@id":"https:\/\/latamjournalismreview.org\/es\/#website"},"datePublished":"2021-05-12T22:22:40+00:00","dateModified":"2025-10-24T16:33:13+00:00","description":"Lineamientos para reproducir art\u00edculos de LJR","breadcrumb":{"@id":"https:\/\/latamjournalismreview.org\/es\/lineamientos-para-reproducir-articulos-de-ljr\/#breadcrumb"},"inLanguage":"es","potentialAction":[{"@type":"ReadAction","target":["https:\/\/latamjournalismreview.org\/es\/lineamientos-para-reproducir-articulos-de-ljr\/"]}]},{"@type":"BreadcrumbList","@id":"https:\/\/latamjournalismreview.org\/es\/lineamientos-para-reproducir-articulos-de-ljr\/#breadcrumb","itemListElement":[{"@type":"ListItem","position":1,"name":"Home","item":"https:\/\/latamjournalismreview.org\/es\/"},{"@type":"ListItem","position":2,"name":"Lineamientos para reproducir art\u00edculos de LJR"}]},{"@type":"WebSite","@id":"https:\/\/latamjournalismreview.org\/es\/#website","url":"https:\/\/latamjournalismreview.org\/es\/","name":"LatAm Journalism Review","description":"Knight Center at The University of Texas","publisher":{"@id":"https:\/\/latamjournalismreview.org\/es\/#organization"},"potentialAction":[{"@type":"SearchAction","target":{"@type":"EntryPoint","urlTemplate":"https:\/\/latamjournalismreview.org\/es\/?s={search_term_string}"},"query-input":{"@type":"PropertyValueSpecification","valueRequired":true,"valueName":"search_term_string"}}],"inLanguage":"es"},{"@type":"Organization","@id":"https:\/\/latamjournalismreview.org\/es\/#organization","name":"LatAm Journalism Review","url":"https:\/\/latamjournalismreview.org\/es\/","logo":{"@type":"ImageObject","inLanguage":"es","@id":"https:\/\/latamjournalismreview.org\/es\/#\/schema\/logo\/image\/","url":"https:\/\/latamjournalismreview.org\/wp-content\/uploads\/2020\/05\/knight-latAm-review-logo.svg","contentUrl":"https:\/\/latamjournalismreview.org\/wp-content\/uploads\/2020\/05\/knight-latAm-review-logo.svg","width":"1024","height":"1024","caption":"LatAm Journalism Review"},"image":{"@id":"https:\/\/latamjournalismreview.org\/es\/#\/schema\/logo\/image\/"},"sameAs":["https:\/\/x.com\/LatAmJournalism"]}]}},"_links":{"self":[{"href":"https:\/\/latamjournalismreview.org\/es\/wp-json\/wp\/v2\/pages\/19427","targetHints":{"allow":["GET"]}}],"collection":[{"href":"https:\/\/latamjournalismreview.org\/es\/wp-json\/wp\/v2\/pages"}],"about":[{"href":"https:\/\/latamjournalismreview.org\/es\/wp-json\/wp\/v2\/types\/page"}],"author":[{"embeddable":true,"href":"https:\/\/latamjournalismreview.org\/es\/wp-json\/wp\/v2\/users\/4"}],"replies":[{"embeddable":true,"href":"https:\/\/latamjournalismreview.org\/es\/wp-json\/wp\/v2\/comments?post=19427"}],"version-history":[{"count":3,"href":"https:\/\/latamjournalismreview.org\/es\/wp-json\/wp\/v2\/pages\/19427\/revisions"}],"predecessor-version":[{"id":153456,"href":"https:\/\/latamjournalismreview.org\/es\/wp-json\/wp\/v2\/pages\/19427\/revisions\/153456"}],"wp:attachment":[{"href":"https:\/\/latamjournalismreview.org\/es\/wp-json\/wp\/v2\/media?parent=19427"}],"wp:term":[{"taxonomy":"author","embeddable":true,"href":"https:\/\/latamjournalismreview.org\/es\/wp-json\/wp\/v2\/coauthors?post=19427"}],"curies":[{"name":"wp","href":"https:\/\/api.w.org\/{rel}","templated":true}]}}