{"id":444,"date":"2020-02-07T05:03:15","date_gmt":"2020-02-07T05:03:15","guid":{"rendered":"https:\/\/live-lajr.pantheonsite.io\/about-us\/"},"modified":"2021-10-22T14:55:15","modified_gmt":"2021-10-22T19:55:15","slug":"sobre-nosotros","status":"publish","type":"page","link":"https:\/\/latamjournalismreview.org\/es\/sobre-nosotros\/","title":{"rendered":"Sobre nosotros"},"content":{"rendered":"<p><span style=\"font-weight: 400;\">Bienvenido a <\/span><i><span style=\"font-weight: 400;\">LatAm Journalism Review<\/span><\/i><span style=\"font-weight: 400;\">, una revista digital triling\u00fce publicada por el Centro Knight para el Periodismo en las Am\u00e9ricas en el Moody College de Comunicaci\u00f3n de la Universidad de Texas en Austin.<\/span><\/p>\n<p><span style=\"font-weight: 400;\">El Centro Knight es un programa de extensi\u00f3n creado en 2002 por el profesor Rosental Calmon Alves, C\u00e1tedra Knight de Periodismo y C\u00e1tedra Unesco de Comunicaci\u00f3n del Moody College of Communication.<\/span><\/p>\n<p><span style=\"font-weight: 400;\">Desde sus inicios, el objetivo del Centro Knight ha sido ayudar a los periodistas de Am\u00e9rica Latina y el Caribe con capacitaciones profesionales y desarrollo de capacidades, pero en los \u00faltimos a\u00f1os se ha convertido en una operaci\u00f3n global gracias a los cursos masivos en l\u00ednea que han llegado a estudiantes de 200 pa\u00edses y territorios.<\/span><\/p>\n<p><span style=\"font-weight: 400;\">Desde 2003, el Centro Knight tambi\u00e9n ofrece un producto editorial que se ha convertido en una publicaci\u00f3n que registra temas relacionados al periodismo y la libertad de prensa en Am\u00e9rica Latina y el Caribe. Durante 17 a\u00f1os, el Centro Knight ha publicado el blog <\/span><i><span style=\"font-weight: 400;\">Periodismo en las Am\u00e9ricas <\/span><\/i><span style=\"font-weight: 400;\">que en junio de 2020 se convirti\u00f3 en esta revista digital.<\/span><\/p>\n<p><span style=\"font-weight: 400;\">Un equipo de periodistas con sede en Estados Unidos y Am\u00e9rica Latina contin\u00faa escribiendo historias en ingl\u00e9s, espa\u00f1ol y portugu\u00e9s, pero LJR prioriza art\u00edculos a profundidad y reportajes en lugar de noticias informativas, que era el foco principal del blog.<\/span><\/p>\n<p><span style=\"font-weight: 400;\">Sin embargo, en la secci\u00f3n <em>Monitor de noticias<\/em><\/span><span style=\"font-weight: 400;\">, los lectores de LJR pueden encontrar una recopilaci\u00f3n de titulares de las noticias m\u00e1s importantes relacionadas con el periodismo y la libertad de prensa publicadas por organizaciones de noticias de Am\u00e9rica Latina y el Caribe. Los titulares y res\u00famenes est\u00e1n cuidadosamente traducidos por nuestro equipo para ofrecerlos en ingl\u00e9s, espa\u00f1ol y portugu\u00e9s, junto con el enlace correspondiente a la fuente original.<\/span><\/p>\n<p><span style=\"font-weight: 400;\">Nuestro equipo tambi\u00e9n produce una newsletter semanal que resume los art\u00edculos originales de <\/span><i><span style=\"font-weight: 400;\">LatAm Journalism Review <\/span><\/i><span style=\"font-weight: 400;\">y los principales titulares de la semana sobre periodismo y libertad de prensa en la regi\u00f3n.<\/span><\/p>\n<p><span style=\"font-weight: 400;\">El Centro Knight est\u00e1 dedicado a la misi\u00f3n de compartir conocimientos y fomentar el desarrollo de capacidades entre periodistas de Am\u00e9rica Latina y el Caribe, y de todo el mundo, a trav\u00e9s de esta revista digital, sus cursos en l\u00ednea y conferencias como el Simposio Internacional de Periodismo Online y el Coloquio Iberoamericano de Periodismo Digital.<\/span><\/p>\n<p><span style=\"font-weight: 400;\">Creemos que el periodismo libre e independiente es uno de los pilares de una sociedad democr\u00e1tica. Esperamos que nuestro trabajo contribuya a la preparaci\u00f3n de los periodistas con m\u00e1s conocimientos y herramientas para que puedan cumplir con sus roles c\u00edvicos de informar mejor e involucrar a las comunidades a las que sirven.\u00a0<\/span><\/p>\n<p>&nbsp;<\/p>\n<p>\u00bfQuieres republicar una de nuestras historias? \u00a1Genial! <strong><a href=\"https:\/\/latamjournalismreview.org\/es\/lineamientos-para-reproducir-articulos-de-ljr\/\"><strong>Nuestros lineamientos de republicaci\u00f3n est\u00e1n aqu\u00ed.<\/strong><\/a><\/strong><\/p>\n","protected":false},"excerpt":{"rendered":"<p>Bienvenido a LatAm Journalism Review, una revista digital triling\u00fce publicada por el Centro Knight para el Periodismo en las Am\u00e9ricas en el Moody College de Comunicaci\u00f3n de la Universidad de Texas en Austin. El Centro Knight es un programa de extensi\u00f3n creado en 2002 por el profesor Rosental Calmon Alves, C\u00e1tedra Knight de Periodismo y [&hellip;]<\/p>\n","protected":false},"author":2,"featured_media":0,"parent":0,"menu_order":0,"comment_status":"closed","ping_status":"closed","template":"about.php","meta":{"inline_featured_image":false,"footnotes":""},"coauthors":[],"class_list":["post-444","page","type-page","status-publish","hentry"],"acf":[],"yoast_head":"<!-- This site is optimized with the Yoast SEO Premium plugin v22.6 (Yoast SEO v27.1.1) - https:\/\/yoast.com\/product\/yoast-seo-premium-wordpress\/ -->\n<title>Sobre nosotros - LatAm Journalism Review<\/title>\n<meta name=\"description\" content=\"Sobre nosotros\" \/>\n<meta name=\"robots\" content=\"index, follow, max-snippet:-1, max-image-preview:large, max-video-preview:-1\" \/>\n<link rel=\"canonical\" href=\"https:\/\/latamjournalismreview.org\/es\/sobre-nosotros\/\" \/>\n<meta property=\"og:locale\" content=\"es_ES\" \/>\n<meta property=\"og:type\" content=\"article\" \/>\n<meta property=\"og:title\" content=\"Sobre nosotros\" \/>\n<meta property=\"og:description\" content=\"Sobre nosotros\" \/>\n<meta property=\"og:url\" content=\"https:\/\/latamjournalismreview.org\/es\/sobre-nosotros\/\" \/>\n<meta property=\"og:site_name\" content=\"LatAm Journalism Review\" \/>\n<meta property=\"article:modified_time\" content=\"2021-10-22T19:55:15+00:00\" \/>\n<meta name=\"twitter:card\" content=\"summary_large_image\" \/>\n<meta name=\"twitter:site\" content=\"@LatAmJournalism\" \/>\n<meta name=\"twitter:label1\" content=\"Est. reading time\" \/>\n\t<meta name=\"twitter:data1\" content=\"2 minutos\" \/>\n\t<meta name=\"twitter:label2\" content=\"Written by\" \/>\n\t<meta name=\"twitter:data2\" content=\"Jacqueline Sinex\" \/>\n<script type=\"application\/ld+json\" class=\"yoast-schema-graph\">{\"@context\":\"https:\/\/schema.org\",\"@graph\":[{\"@type\":\"WebPage\",\"@id\":\"https:\/\/latamjournalismreview.org\/es\/sobre-nosotros\/\",\"url\":\"https:\/\/latamjournalismreview.org\/es\/sobre-nosotros\/\",\"name\":\"Sobre nosotros - LatAm Journalism Review\",\"isPartOf\":{\"@id\":\"https:\/\/latamjournalismreview.org\/es\/#website\"},\"datePublished\":\"2020-02-07T05:03:15+00:00\",\"dateModified\":\"2021-10-22T19:55:15+00:00\",\"description\":\"Sobre nosotros\",\"breadcrumb\":{\"@id\":\"https:\/\/latamjournalismreview.org\/es\/sobre-nosotros\/#breadcrumb\"},\"inLanguage\":\"es\",\"potentialAction\":[{\"@type\":\"ReadAction\",\"target\":[\"https:\/\/latamjournalismreview.org\/es\/sobre-nosotros\/\"]}]},{\"@type\":\"BreadcrumbList\",\"@id\":\"https:\/\/latamjournalismreview.org\/es\/sobre-nosotros\/#breadcrumb\",\"itemListElement\":[{\"@type\":\"ListItem\",\"position\":1,\"name\":\"Home\",\"item\":\"https:\/\/latamjournalismreview.org\/es\/\"},{\"@type\":\"ListItem\",\"position\":2,\"name\":\"Sobre nosotros\"}]},{\"@type\":\"WebSite\",\"@id\":\"https:\/\/latamjournalismreview.org\/es\/#website\",\"url\":\"https:\/\/latamjournalismreview.org\/es\/\",\"name\":\"LatAm Journalism Review\",\"description\":\"Knight Center at The University of Texas\",\"publisher\":{\"@id\":\"https:\/\/latamjournalismreview.org\/es\/#organization\"},\"potentialAction\":[{\"@type\":\"SearchAction\",\"target\":{\"@type\":\"EntryPoint\",\"urlTemplate\":\"https:\/\/latamjournalismreview.org\/es\/?s={search_term_string}\"},\"query-input\":{\"@type\":\"PropertyValueSpecification\",\"valueRequired\":true,\"valueName\":\"search_term_string\"}}],\"inLanguage\":\"es\"},{\"@type\":\"Organization\",\"@id\":\"https:\/\/latamjournalismreview.org\/es\/#organization\",\"name\":\"LatAm Journalism Review\",\"url\":\"https:\/\/latamjournalismreview.org\/es\/\",\"logo\":{\"@type\":\"ImageObject\",\"inLanguage\":\"es\",\"@id\":\"https:\/\/latamjournalismreview.org\/es\/#\/schema\/logo\/image\/\",\"url\":\"https:\/\/latamjournalismreview.org\/wp-content\/uploads\/2020\/05\/knight-latAm-review-logo.svg\",\"contentUrl\":\"https:\/\/latamjournalismreview.org\/wp-content\/uploads\/2020\/05\/knight-latAm-review-logo.svg\",\"width\":\"1024\",\"height\":\"1024\",\"caption\":\"LatAm Journalism Review\"},\"image\":{\"@id\":\"https:\/\/latamjournalismreview.org\/es\/#\/schema\/logo\/image\/\"},\"sameAs\":[\"https:\/\/x.com\/LatAmJournalism\"]}]}<\/script>\n<!-- \/ Yoast SEO Premium plugin. -->","yoast_head_json":{"title":"Sobre nosotros - LatAm Journalism Review","description":"Sobre nosotros","robots":{"index":"index","follow":"follow","max-snippet":"max-snippet:-1","max-image-preview":"max-image-preview:large","max-video-preview":"max-video-preview:-1"},"canonical":"https:\/\/latamjournalismreview.org\/es\/sobre-nosotros\/","og_locale":"es_ES","og_type":"article","og_title":"Sobre nosotros","og_description":"Sobre nosotros","og_url":"https:\/\/latamjournalismreview.org\/es\/sobre-nosotros\/","og_site_name":"LatAm Journalism Review","article_modified_time":"2021-10-22T19:55:15+00:00","twitter_card":"summary_large_image","twitter_site":"@LatAmJournalism","twitter_misc":{"Est. reading time":"2 minutos","Written by":"Jacqueline Sinex"},"schema":{"@context":"https:\/\/schema.org","@graph":[{"@type":"WebPage","@id":"https:\/\/latamjournalismreview.org\/es\/sobre-nosotros\/","url":"https:\/\/latamjournalismreview.org\/es\/sobre-nosotros\/","name":"Sobre nosotros - LatAm Journalism Review","isPartOf":{"@id":"https:\/\/latamjournalismreview.org\/es\/#website"},"datePublished":"2020-02-07T05:03:15+00:00","dateModified":"2021-10-22T19:55:15+00:00","description":"Sobre nosotros","breadcrumb":{"@id":"https:\/\/latamjournalismreview.org\/es\/sobre-nosotros\/#breadcrumb"},"inLanguage":"es","potentialAction":[{"@type":"ReadAction","target":["https:\/\/latamjournalismreview.org\/es\/sobre-nosotros\/"]}]},{"@type":"BreadcrumbList","@id":"https:\/\/latamjournalismreview.org\/es\/sobre-nosotros\/#breadcrumb","itemListElement":[{"@type":"ListItem","position":1,"name":"Home","item":"https:\/\/latamjournalismreview.org\/es\/"},{"@type":"ListItem","position":2,"name":"Sobre nosotros"}]},{"@type":"WebSite","@id":"https:\/\/latamjournalismreview.org\/es\/#website","url":"https:\/\/latamjournalismreview.org\/es\/","name":"LatAm Journalism Review","description":"Knight Center at The University of Texas","publisher":{"@id":"https:\/\/latamjournalismreview.org\/es\/#organization"},"potentialAction":[{"@type":"SearchAction","target":{"@type":"EntryPoint","urlTemplate":"https:\/\/latamjournalismreview.org\/es\/?s={search_term_string}"},"query-input":{"@type":"PropertyValueSpecification","valueRequired":true,"valueName":"search_term_string"}}],"inLanguage":"es"},{"@type":"Organization","@id":"https:\/\/latamjournalismreview.org\/es\/#organization","name":"LatAm Journalism Review","url":"https:\/\/latamjournalismreview.org\/es\/","logo":{"@type":"ImageObject","inLanguage":"es","@id":"https:\/\/latamjournalismreview.org\/es\/#\/schema\/logo\/image\/","url":"https:\/\/latamjournalismreview.org\/wp-content\/uploads\/2020\/05\/knight-latAm-review-logo.svg","contentUrl":"https:\/\/latamjournalismreview.org\/wp-content\/uploads\/2020\/05\/knight-latAm-review-logo.svg","width":"1024","height":"1024","caption":"LatAm Journalism Review"},"image":{"@id":"https:\/\/latamjournalismreview.org\/es\/#\/schema\/logo\/image\/"},"sameAs":["https:\/\/x.com\/LatAmJournalism"]}]}},"_links":{"self":[{"href":"https:\/\/latamjournalismreview.org\/es\/wp-json\/wp\/v2\/pages\/444","targetHints":{"allow":["GET"]}}],"collection":[{"href":"https:\/\/latamjournalismreview.org\/es\/wp-json\/wp\/v2\/pages"}],"about":[{"href":"https:\/\/latamjournalismreview.org\/es\/wp-json\/wp\/v2\/types\/page"}],"author":[{"embeddable":true,"href":"https:\/\/latamjournalismreview.org\/es\/wp-json\/wp\/v2\/users\/2"}],"replies":[{"embeddable":true,"href":"https:\/\/latamjournalismreview.org\/es\/wp-json\/wp\/v2\/comments?post=444"}],"version-history":[{"count":8,"href":"https:\/\/latamjournalismreview.org\/es\/wp-json\/wp\/v2\/pages\/444\/revisions"}],"predecessor-version":[{"id":38844,"href":"https:\/\/latamjournalismreview.org\/es\/wp-json\/wp\/v2\/pages\/444\/revisions\/38844"}],"wp:attachment":[{"href":"https:\/\/latamjournalismreview.org\/es\/wp-json\/wp\/v2\/media?parent=444"}],"wp:term":[{"taxonomy":"author","embeddable":true,"href":"https:\/\/latamjournalismreview.org\/es\/wp-json\/wp\/v2\/coauthors?post=444"}],"curies":[{"name":"wp","href":"https:\/\/api.w.org\/{rel}","templated":true}]}}