{"id":19529,"date":"2021-06-08T12:55:10","date_gmt":"2021-06-08T17:55:10","guid":{"rendered":"https:\/\/latamjournalismreview.org\/?page_id=19529"},"modified":"2025-10-24T11:33:34","modified_gmt":"2025-10-24T16:33:34","slug":"diretrizes-de-republicacao","status":"publish","type":"page","link":"https:\/\/latamjournalismreview.org\/pt-br\/diretrizes-de-republicacao\/","title":{"rendered":"Regras para republica\u00e7\u00e3o"},"content":{"rendered":"<p><span style=\"font-weight: 400;\">A<strong> LatAm Journalism Review (LJR)<\/strong> autoriza a republica\u00e7\u00e3o gratuita dos nossos textos, desde que sejam seguidas as seguintes diretrizes, baseadas na <\/span><a href=\"https:\/\/creativecommons.org\/licenses\/by-nc-nd\/4.0\/\"><span style=\"font-weight: 400;\">Creative Commons CC BY-NC-ND 4.0<\/span><\/a><span style=\"font-weight: 400;\">:<\/span><\/p>\n<ul>\n<li><span style=\"font-weight: 400;\">Essas diretrizes de republica\u00e7\u00e3o se aplicam apenas ao conte\u00fado criado por <\/span><a href=\"https:\/\/latamjournalismreview.org\/pt-br\/sobre-nos\/\"><span style=\"font-weight: 400;\">nossa equipe de jornalistas e freelancers<\/span><\/a><span style=\"font-weight: 400;\">. Ocasionalmente, republicamos hist\u00f3rias de outros sites. Para esse conte\u00fado, voc\u00ea deve entrar em contato com a organiza\u00e7\u00e3o correspondente.<\/span><\/li>\n<li aria-level=\"1\">Use o bot\u00e3o de republica\u00e7\u00e3o no final de cada artigo para acessar um c\u00f3digo de incorpora\u00e7\u00e3o em HTML. Ele tamb\u00e9m cont\u00e9m um pixel de rastreamento que nos permite medir o alcance.<\/li>\n<li style=\"font-weight: 400;\" aria-level=\"1\"><span style=\"font-weight: 400;\">D\u00ea cr\u00e9dito aos nossos jornalistas usando seus nomes na assinatura no topo da hist\u00f3ria. Por favor adicione tamb\u00e9m a frase: \"Este post foi publicado originalmente pela LatAm Journalism Review.\"<\/span><\/li>\n<li style=\"font-weight: 400;\" aria-level=\"1\"><span style=\"font-weight: 400;\">Inclua um link para a reportagem original no nosso site. Por favor inclua tamb\u00e9m todos os links que aparecem dentro do texto da nossa reportagem original.<\/span><\/li>\n<li style=\"font-weight: 400;\" aria-level=\"1\"><span style=\"font-weight: 400;\">N\u00e3o edite o conte\u00fado da hist\u00f3ria, exceto no caso de pequenas mudan\u00e7as estil\u00edsticas. Se voc\u00ea quiser adicionar informa\u00e7\u00f5es a algum dos nossos textos, inclua uma nota de observa\u00e7\u00e3o avisando que informa\u00e7\u00f5es extras foram acrescentadas pela sua publica\u00e7\u00e3o.<\/span><\/li>\n<li style=\"font-weight: 400;\" aria-level=\"1\"><span style=\"font-weight: 400;\">Voc\u00ea n\u00e3o pode vender nossas hist\u00f3rias ou quaisquer imagens dentro delas. Al\u00e9m disso, n\u00e3o venda an\u00fancios com a nossa hist\u00f3ria.<\/span><\/li>\n<li style=\"font-weight: 400;\" aria-level=\"1\"><span style=\"font-weight: 400;\">Se voc\u00ea quiser republicar qualquer imagem dos nossos sites, verifique primeiro conosco se podemos lhe dar uma permiss\u00e3o especial para republica\u00e7\u00e3o (algumas imagens que usamos n\u00e3o s\u00e3o nossas e n\u00e3o podemos autorizar a republica\u00e7\u00e3o). Entre em contato com:<\/span> <a href=\"mailto:latamjournalismreview@austin.utexas.edu\"><span style=\"font-weight: 400;\">latamjournalismreview@austin.utexas.edu<\/span><\/a><span style=\"font-weight: 400;\">.<\/span><\/li>\n<li style=\"font-weight: 400;\" aria-level=\"1\"><span style=\"font-weight: 400;\">\u00c9 importante que a gente consiga entrar em contato com a sua publica\u00e7\u00e3o se tivermos alguma d\u00favida. Se voc\u00ea est\u00e1 republicando o nosso material, o seu site deve conter informa\u00e7\u00f5es de contato. Pedimos que voc\u00ea honre nossas solicita\u00e7\u00f5es para alterar ou remover nosso conte\u00fado do seu site.<\/span><\/li>\n<li style=\"font-weight: 400;\" aria-level=\"1\"><span style=\"font-weight: 400;\">Nenhum endosso da LJR ou dos membros de sua equipe est\u00e1 impl\u00edcito quando o nosso conte\u00fado \u00e9 publicado em outros sites ou inclu\u00eddo em outras publica\u00e7\u00f5es. Al\u00e9m disso, n\u00e3o h\u00e1 compensa\u00e7\u00e3o para a republica\u00e7\u00e3o do nosso conte\u00fado.<\/span><\/li>\n<\/ul>\n<p><span style=\"font-weight: 400;\">Por favor nos avise se voc\u00ea republicar alguma das nossas reportagens enviando um email para <\/span><a href=\"mailto:latamjournalismreview@austin.utexas.edu\"><span style=\"font-weight: 400;\">latamjournalismreview@austin.utexas.edu<\/span><\/a><span style=\"font-weight: 400;\">.<\/span><\/p>\n","protected":false},"excerpt":{"rendered":"<p>A LatAm Journalism Review (LJR) autoriza a republica\u00e7\u00e3o gratuita dos nossos textos, desde que sejam seguidas as seguintes diretrizes, baseadas na Creative Commons CC BY-NC-ND 4.0: Essas diretrizes de republica\u00e7\u00e3o se aplicam apenas ao conte\u00fado criado por nossa equipe de jornalistas e freelancers. Ocasionalmente, republicamos hist\u00f3rias de outros sites. Para esse conte\u00fado, voc\u00ea deve entrar [&hellip;]<\/p>\n","protected":false},"author":5,"featured_media":0,"parent":0,"menu_order":0,"comment_status":"closed","ping_status":"closed","template":"","meta":{"inline_featured_image":false,"footnotes":""},"coauthors":[3016],"class_list":["post-19529","page","type-page","status-publish","hentry"],"acf":[],"yoast_head":"<!-- This site is optimized with the Yoast SEO Premium plugin v22.6 (Yoast SEO v27.4) - https:\/\/yoast.com\/product\/yoast-seo-premium-wordpress\/ -->\n<title>Regras para republica\u00e7\u00e3o - LatAm Journalism Review by the Knight Center<\/title>\n<meta name=\"description\" content=\"Regras para republica\u00e7\u00e3o\" \/>\n<meta name=\"robots\" content=\"index, follow, max-snippet:-1, max-image-preview:large, max-video-preview:-1\" \/>\n<link rel=\"canonical\" href=\"https:\/\/latamjournalismreview.org\/pt-br\/diretrizes-de-republicacao\/\" \/>\n<meta property=\"og:locale\" content=\"pt_BR\" \/>\n<meta property=\"og:type\" content=\"article\" \/>\n<meta property=\"og:title\" content=\"Regras para republica\u00e7\u00e3o\" \/>\n<meta property=\"og:description\" content=\"Regras para republica\u00e7\u00e3o\" \/>\n<meta property=\"og:url\" content=\"https:\/\/latamjournalismreview.org\/pt-br\/diretrizes-de-republicacao\/\" \/>\n<meta property=\"og:site_name\" content=\"LatAm Journalism Review by the Knight Center\" \/>\n<meta property=\"article:modified_time\" content=\"2025-10-24T16:33:34+00:00\" \/>\n<meta name=\"twitter:card\" content=\"summary_large_image\" \/>\n<meta name=\"twitter:site\" content=\"@LatAmJournalism\" \/>\n<meta name=\"twitter:label1\" content=\"Est. reading time\" \/>\n\t<meta name=\"twitter:data1\" content=\"2 minutos\" \/>\n\t<meta name=\"twitter:label2\" content=\"Written by\" \/>\n\t<meta name=\"twitter:data2\" content=\"J\u00falio Lubianco\" \/>\n<script type=\"application\/ld+json\" class=\"yoast-schema-graph\">{\"@context\":\"https:\\\/\\\/schema.org\",\"@graph\":[{\"@type\":\"WebPage\",\"@id\":\"https:\\\/\\\/latamjournalismreview.org\\\/pt-br\\\/diretrizes-de-republicacao\\\/\",\"url\":\"https:\\\/\\\/latamjournalismreview.org\\\/pt-br\\\/diretrizes-de-republicacao\\\/\",\"name\":\"Regras para republica\u00e7\u00e3o - LatAm Journalism Review by the Knight Center\",\"isPartOf\":{\"@id\":\"https:\\\/\\\/latamjournalismreview.org\\\/pt-br\\\/#website\"},\"datePublished\":\"2021-06-08T17:55:10+00:00\",\"dateModified\":\"2025-10-24T16:33:34+00:00\",\"description\":\"Regras para republica\u00e7\u00e3o\",\"breadcrumb\":{\"@id\":\"https:\\\/\\\/latamjournalismreview.org\\\/pt-br\\\/diretrizes-de-republicacao\\\/#breadcrumb\"},\"inLanguage\":\"pt-BR\",\"potentialAction\":[{\"@type\":\"ReadAction\",\"target\":[\"https:\\\/\\\/latamjournalismreview.org\\\/pt-br\\\/diretrizes-de-republicacao\\\/\"]}]},{\"@type\":\"BreadcrumbList\",\"@id\":\"https:\\\/\\\/latamjournalismreview.org\\\/pt-br\\\/diretrizes-de-republicacao\\\/#breadcrumb\",\"itemListElement\":[{\"@type\":\"ListItem\",\"position\":1,\"name\":\"Home\",\"item\":\"https:\\\/\\\/latamjournalismreview.org\\\/pt-br\\\/\"},{\"@type\":\"ListItem\",\"position\":2,\"name\":\"Regras para republica\u00e7\u00e3o\"}]},{\"@type\":\"WebSite\",\"@id\":\"https:\\\/\\\/latamjournalismreview.org\\\/pt-br\\\/#website\",\"url\":\"https:\\\/\\\/latamjournalismreview.org\\\/pt-br\\\/\",\"name\":\"LatAm Journalism Review\",\"description\":\"Digital magazine on journalism in Latin America\",\"publisher\":{\"@id\":\"https:\\\/\\\/latamjournalismreview.org\\\/pt-br\\\/#organization\"},\"potentialAction\":[{\"@type\":\"SearchAction\",\"target\":{\"@type\":\"EntryPoint\",\"urlTemplate\":\"https:\\\/\\\/latamjournalismreview.org\\\/pt-br\\\/?s={search_term_string}\"},\"query-input\":{\"@type\":\"PropertyValueSpecification\",\"valueRequired\":true,\"valueName\":\"search_term_string\"}}],\"inLanguage\":\"pt-BR\"},{\"@type\":\"Organization\",\"@id\":\"https:\\\/\\\/latamjournalismreview.org\\\/pt-br\\\/#organization\",\"name\":\"LatAm Journalism Review\",\"url\":\"https:\\\/\\\/latamjournalismreview.org\\\/pt-br\\\/\",\"logo\":{\"@type\":\"ImageObject\",\"inLanguage\":\"pt-BR\",\"@id\":\"https:\\\/\\\/latamjournalismreview.org\\\/pt-br\\\/#\\\/schema\\\/logo\\\/image\\\/\",\"url\":\"https:\\\/\\\/latamjournalismreview.org\\\/wp-content\\\/uploads\\\/2020\\\/05\\\/knight-latAm-review-logo.svg\",\"contentUrl\":\"https:\\\/\\\/latamjournalismreview.org\\\/wp-content\\\/uploads\\\/2020\\\/05\\\/knight-latAm-review-logo.svg\",\"width\":\"1024\",\"height\":\"1024\",\"caption\":\"LatAm Journalism Review\"},\"image\":{\"@id\":\"https:\\\/\\\/latamjournalismreview.org\\\/pt-br\\\/#\\\/schema\\\/logo\\\/image\\\/\"},\"sameAs\":[\"https:\\\/\\\/x.com\\\/LatAmJournalism\"]}]}<\/script>\n<!-- \/ Yoast SEO Premium plugin. -->","yoast_head_json":{"title":"Regras para republica\u00e7\u00e3o - LatAm Journalism Review by the Knight Center","description":"Regras para republica\u00e7\u00e3o","robots":{"index":"index","follow":"follow","max-snippet":"max-snippet:-1","max-image-preview":"max-image-preview:large","max-video-preview":"max-video-preview:-1"},"canonical":"https:\/\/latamjournalismreview.org\/pt-br\/diretrizes-de-republicacao\/","og_locale":"pt_BR","og_type":"article","og_title":"Regras para republica\u00e7\u00e3o","og_description":"Regras para republica\u00e7\u00e3o","og_url":"https:\/\/latamjournalismreview.org\/pt-br\/diretrizes-de-republicacao\/","og_site_name":"LatAm Journalism Review by the Knight Center","article_modified_time":"2025-10-24T16:33:34+00:00","twitter_card":"summary_large_image","twitter_site":"@LatAmJournalism","twitter_misc":{"Est. reading time":"2 minutos","Written by":"J\u00falio Lubianco"},"schema":{"@context":"https:\/\/schema.org","@graph":[{"@type":"WebPage","@id":"https:\/\/latamjournalismreview.org\/pt-br\/diretrizes-de-republicacao\/","url":"https:\/\/latamjournalismreview.org\/pt-br\/diretrizes-de-republicacao\/","name":"Regras para republica\u00e7\u00e3o - LatAm Journalism Review by the Knight Center","isPartOf":{"@id":"https:\/\/latamjournalismreview.org\/pt-br\/#website"},"datePublished":"2021-06-08T17:55:10+00:00","dateModified":"2025-10-24T16:33:34+00:00","description":"Regras para republica\u00e7\u00e3o","breadcrumb":{"@id":"https:\/\/latamjournalismreview.org\/pt-br\/diretrizes-de-republicacao\/#breadcrumb"},"inLanguage":"pt-BR","potentialAction":[{"@type":"ReadAction","target":["https:\/\/latamjournalismreview.org\/pt-br\/diretrizes-de-republicacao\/"]}]},{"@type":"BreadcrumbList","@id":"https:\/\/latamjournalismreview.org\/pt-br\/diretrizes-de-republicacao\/#breadcrumb","itemListElement":[{"@type":"ListItem","position":1,"name":"Home","item":"https:\/\/latamjournalismreview.org\/pt-br\/"},{"@type":"ListItem","position":2,"name":"Regras para republica\u00e7\u00e3o"}]},{"@type":"WebSite","@id":"https:\/\/latamjournalismreview.org\/pt-br\/#website","url":"https:\/\/latamjournalismreview.org\/pt-br\/","name":"LatAm Journalism Review","description":"Digital magazine on journalism in Latin America","publisher":{"@id":"https:\/\/latamjournalismreview.org\/pt-br\/#organization"},"potentialAction":[{"@type":"SearchAction","target":{"@type":"EntryPoint","urlTemplate":"https:\/\/latamjournalismreview.org\/pt-br\/?s={search_term_string}"},"query-input":{"@type":"PropertyValueSpecification","valueRequired":true,"valueName":"search_term_string"}}],"inLanguage":"pt-BR"},{"@type":"Organization","@id":"https:\/\/latamjournalismreview.org\/pt-br\/#organization","name":"LatAm Journalism Review","url":"https:\/\/latamjournalismreview.org\/pt-br\/","logo":{"@type":"ImageObject","inLanguage":"pt-BR","@id":"https:\/\/latamjournalismreview.org\/pt-br\/#\/schema\/logo\/image\/","url":"https:\/\/latamjournalismreview.org\/wp-content\/uploads\/2020\/05\/knight-latAm-review-logo.svg","contentUrl":"https:\/\/latamjournalismreview.org\/wp-content\/uploads\/2020\/05\/knight-latAm-review-logo.svg","width":"1024","height":"1024","caption":"LatAm Journalism Review"},"image":{"@id":"https:\/\/latamjournalismreview.org\/pt-br\/#\/schema\/logo\/image\/"},"sameAs":["https:\/\/x.com\/LatAmJournalism"]}]}},"_links":{"self":[{"href":"https:\/\/latamjournalismreview.org\/pt-br\/wp-json\/wp\/v2\/pages\/19529","targetHints":{"allow":["GET"]}}],"collection":[{"href":"https:\/\/latamjournalismreview.org\/pt-br\/wp-json\/wp\/v2\/pages"}],"about":[{"href":"https:\/\/latamjournalismreview.org\/pt-br\/wp-json\/wp\/v2\/types\/page"}],"author":[{"embeddable":true,"href":"https:\/\/latamjournalismreview.org\/pt-br\/wp-json\/wp\/v2\/users\/5"}],"replies":[{"embeddable":true,"href":"https:\/\/latamjournalismreview.org\/pt-br\/wp-json\/wp\/v2\/comments?post=19529"}],"version-history":[{"count":10,"href":"https:\/\/latamjournalismreview.org\/pt-br\/wp-json\/wp\/v2\/pages\/19529\/revisions"}],"predecessor-version":[{"id":153457,"href":"https:\/\/latamjournalismreview.org\/pt-br\/wp-json\/wp\/v2\/pages\/19529\/revisions\/153457"}],"wp:attachment":[{"href":"https:\/\/latamjournalismreview.org\/pt-br\/wp-json\/wp\/v2\/media?parent=19529"}],"wp:term":[{"taxonomy":"author","embeddable":true,"href":"https:\/\/latamjournalismreview.org\/pt-br\/wp-json\/wp\/v2\/coauthors?post=19529"}],"curies":[{"name":"wp","href":"https:\/\/api.w.org\/{rel}","templated":true}]}}