{"id":438,"date":"2020-02-07T07:44:18","date_gmt":"2020-02-07T07:44:18","guid":{"rendered":"https:\/\/live-lajr.pantheonsite.io\/news-monitor\/"},"modified":"2024-02-02T11:52:57","modified_gmt":"2024-02-02T17:52:57","slug":"monitor-noticias","status":"publish","type":"page","link":"https:\/\/latamjournalismreview.org\/pt-br\/monitor-noticias\/","title":{"rendered":"Monitor de Not\u00edcias"},"content":{"rendered":"<p><span style=\"font-weight: 400;\">Aqui voc\u00ea encontra outras manchetes sobre jornalismo e liberdade de imprensa na Am\u00e9rica Latina. Esse monitor acompanha casos de viol\u00eancia contra jornalistas, legisla\u00e7\u00e3o que afeta a profiss\u00e3o, a\u00e7\u00f5es judiciais contra profissionais de m\u00eddia e muito mais.<\/span><\/p>\n","protected":false},"excerpt":{"rendered":"<p>Aqui voc\u00ea encontra outras manchetes sobre jornalismo e liberdade de imprensa na Am\u00e9rica Latina. Esse monitor acompanha casos de viol\u00eancia contra jornalistas, legisla\u00e7\u00e3o que afeta a profiss\u00e3o, a\u00e7\u00f5es judiciais contra profissionais de m\u00eddia e muito mais.<\/p>\n","protected":false},"author":2,"featured_media":78976,"parent":0,"menu_order":0,"comment_status":"closed","ping_status":"closed","template":"news-monitor.php","meta":{"inline_featured_image":false,"footnotes":""},"coauthors":[2739],"class_list":["post-438","page","type-page","status-publish","has-post-thumbnail","hentry"],"acf":[],"yoast_head":"<!-- This site is optimized with the Yoast SEO Premium plugin v22.6 (Yoast SEO v27.3) - https:\/\/yoast.com\/product\/yoast-seo-premium-wordpress\/ -->\n<title>Monitor de Not\u00edcias - LatAm Journalism Review by the Knight Center<\/title>\n<meta name=\"description\" content=\"Monitor de Not\u00edcias\" \/>\n<meta name=\"robots\" content=\"index, follow, max-snippet:-1, max-image-preview:large, max-video-preview:-1\" \/>\n<link rel=\"canonical\" href=\"https:\/\/latamjournalismreview.org\/pt-br\/monitor-noticias\/\" \/>\n<meta property=\"og:locale\" content=\"pt_BR\" \/>\n<meta property=\"og:type\" content=\"article\" \/>\n<meta property=\"og:title\" content=\"Monitor de Not\u00edcias\" \/>\n<meta property=\"og:description\" content=\"Monitor de Not\u00edcias\" \/>\n<meta property=\"og:url\" content=\"https:\/\/latamjournalismreview.org\/pt-br\/monitor-noticias\/\" \/>\n<meta property=\"og:site_name\" content=\"LatAm Journalism Review by the Knight Center\" \/>\n<meta property=\"article:modified_time\" content=\"2024-02-02T17:52:57+00:00\" \/>\n<meta property=\"og:image\" content=\"https:\/\/latamjournalismreview.org\/wp-content\/uploads\/2023\/08\/Logo_News_Monitor_PT.png\" \/>\n\t<meta property=\"og:image:width\" content=\"1014\" \/>\n\t<meta property=\"og:image:height\" content=\"680\" \/>\n\t<meta property=\"og:image:type\" content=\"image\/png\" \/>\n<meta name=\"twitter:card\" content=\"summary_large_image\" \/>\n<meta name=\"twitter:site\" content=\"@LatAmJournalism\" \/>\n<meta name=\"twitter:label1\" content=\"Written by\" \/>\n\t<meta name=\"twitter:data1\" content=\"Jacqueline Sinex\" \/>\n<script type=\"application\/ld+json\" class=\"yoast-schema-graph\">{\"@context\":\"https:\\\/\\\/schema.org\",\"@graph\":[{\"@type\":\"WebPage\",\"@id\":\"https:\\\/\\\/latamjournalismreview.org\\\/pt-br\\\/monitor-noticias\\\/\",\"url\":\"https:\\\/\\\/latamjournalismreview.org\\\/pt-br\\\/monitor-noticias\\\/\",\"name\":\"Monitor de Not\u00edcias - LatAm Journalism Review by the Knight Center\",\"isPartOf\":{\"@id\":\"https:\\\/\\\/latamjournalismreview.org\\\/pt-br\\\/#website\"},\"primaryImageOfPage\":{\"@id\":\"https:\\\/\\\/latamjournalismreview.org\\\/pt-br\\\/monitor-noticias\\\/#primaryimage\"},\"image\":{\"@id\":\"https:\\\/\\\/latamjournalismreview.org\\\/pt-br\\\/monitor-noticias\\\/#primaryimage\"},\"thumbnailUrl\":\"https:\\\/\\\/latamjournalismreview.org\\\/wp-content\\\/uploads\\\/2023\\\/08\\\/Logo_News_Monitor_PT.png\",\"datePublished\":\"2020-02-07T07:44:18+00:00\",\"dateModified\":\"2024-02-02T17:52:57+00:00\",\"description\":\"Monitor de Not\u00edcias\",\"breadcrumb\":{\"@id\":\"https:\\\/\\\/latamjournalismreview.org\\\/pt-br\\\/monitor-noticias\\\/#breadcrumb\"},\"inLanguage\":\"pt-BR\",\"potentialAction\":[{\"@type\":\"ReadAction\",\"target\":[\"https:\\\/\\\/latamjournalismreview.org\\\/pt-br\\\/monitor-noticias\\\/\"]}]},{\"@type\":\"ImageObject\",\"inLanguage\":\"pt-BR\",\"@id\":\"https:\\\/\\\/latamjournalismreview.org\\\/pt-br\\\/monitor-noticias\\\/#primaryimage\",\"url\":\"https:\\\/\\\/latamjournalismreview.org\\\/wp-content\\\/uploads\\\/2023\\\/08\\\/Logo_News_Monitor_PT.png\",\"contentUrl\":\"https:\\\/\\\/latamjournalismreview.org\\\/wp-content\\\/uploads\\\/2023\\\/08\\\/Logo_News_Monitor_PT.png\",\"width\":1014,\"height\":680,\"caption\":\"Monitor de Not\u00edcias\"},{\"@type\":\"BreadcrumbList\",\"@id\":\"https:\\\/\\\/latamjournalismreview.org\\\/pt-br\\\/monitor-noticias\\\/#breadcrumb\",\"itemListElement\":[{\"@type\":\"ListItem\",\"position\":1,\"name\":\"Home\",\"item\":\"https:\\\/\\\/latamjournalismreview.org\\\/pt-br\\\/\"},{\"@type\":\"ListItem\",\"position\":2,\"name\":\"Monitor de Not\u00edcias\"}]},{\"@type\":\"WebSite\",\"@id\":\"https:\\\/\\\/latamjournalismreview.org\\\/pt-br\\\/#website\",\"url\":\"https:\\\/\\\/latamjournalismreview.org\\\/pt-br\\\/\",\"name\":\"LatAm Journalism Review\",\"description\":\"Digital magazine on journalism in Latin America\",\"publisher\":{\"@id\":\"https:\\\/\\\/latamjournalismreview.org\\\/pt-br\\\/#organization\"},\"potentialAction\":[{\"@type\":\"SearchAction\",\"target\":{\"@type\":\"EntryPoint\",\"urlTemplate\":\"https:\\\/\\\/latamjournalismreview.org\\\/pt-br\\\/?s={search_term_string}\"},\"query-input\":{\"@type\":\"PropertyValueSpecification\",\"valueRequired\":true,\"valueName\":\"search_term_string\"}}],\"inLanguage\":\"pt-BR\"},{\"@type\":\"Organization\",\"@id\":\"https:\\\/\\\/latamjournalismreview.org\\\/pt-br\\\/#organization\",\"name\":\"LatAm Journalism Review\",\"url\":\"https:\\\/\\\/latamjournalismreview.org\\\/pt-br\\\/\",\"logo\":{\"@type\":\"ImageObject\",\"inLanguage\":\"pt-BR\",\"@id\":\"https:\\\/\\\/latamjournalismreview.org\\\/pt-br\\\/#\\\/schema\\\/logo\\\/image\\\/\",\"url\":\"https:\\\/\\\/latamjournalismreview.org\\\/wp-content\\\/uploads\\\/2020\\\/05\\\/knight-latAm-review-logo.svg\",\"contentUrl\":\"https:\\\/\\\/latamjournalismreview.org\\\/wp-content\\\/uploads\\\/2020\\\/05\\\/knight-latAm-review-logo.svg\",\"width\":\"1024\",\"height\":\"1024\",\"caption\":\"LatAm Journalism Review\"},\"image\":{\"@id\":\"https:\\\/\\\/latamjournalismreview.org\\\/pt-br\\\/#\\\/schema\\\/logo\\\/image\\\/\"},\"sameAs\":[\"https:\\\/\\\/x.com\\\/LatAmJournalism\"]}]}<\/script>\n<!-- \/ Yoast SEO Premium plugin. -->","yoast_head_json":{"title":"Monitor de Not\u00edcias - LatAm Journalism Review by the Knight Center","description":"Monitor de Not\u00edcias","robots":{"index":"index","follow":"follow","max-snippet":"max-snippet:-1","max-image-preview":"max-image-preview:large","max-video-preview":"max-video-preview:-1"},"canonical":"https:\/\/latamjournalismreview.org\/pt-br\/monitor-noticias\/","og_locale":"pt_BR","og_type":"article","og_title":"Monitor de Not\u00edcias","og_description":"Monitor de Not\u00edcias","og_url":"https:\/\/latamjournalismreview.org\/pt-br\/monitor-noticias\/","og_site_name":"LatAm Journalism Review by the Knight Center","article_modified_time":"2024-02-02T17:52:57+00:00","og_image":[{"width":1014,"height":680,"url":"https:\/\/latamjournalismreview.org\/wp-content\/uploads\/2023\/08\/Logo_News_Monitor_PT.png","type":"image\/png"}],"twitter_card":"summary_large_image","twitter_site":"@LatAmJournalism","twitter_misc":{"Written by":"Jacqueline Sinex"},"schema":{"@context":"https:\/\/schema.org","@graph":[{"@type":"WebPage","@id":"https:\/\/latamjournalismreview.org\/pt-br\/monitor-noticias\/","url":"https:\/\/latamjournalismreview.org\/pt-br\/monitor-noticias\/","name":"Monitor de Not\u00edcias - LatAm Journalism Review by the Knight Center","isPartOf":{"@id":"https:\/\/latamjournalismreview.org\/pt-br\/#website"},"primaryImageOfPage":{"@id":"https:\/\/latamjournalismreview.org\/pt-br\/monitor-noticias\/#primaryimage"},"image":{"@id":"https:\/\/latamjournalismreview.org\/pt-br\/monitor-noticias\/#primaryimage"},"thumbnailUrl":"https:\/\/latamjournalismreview.org\/wp-content\/uploads\/2023\/08\/Logo_News_Monitor_PT.png","datePublished":"2020-02-07T07:44:18+00:00","dateModified":"2024-02-02T17:52:57+00:00","description":"Monitor de Not\u00edcias","breadcrumb":{"@id":"https:\/\/latamjournalismreview.org\/pt-br\/monitor-noticias\/#breadcrumb"},"inLanguage":"pt-BR","potentialAction":[{"@type":"ReadAction","target":["https:\/\/latamjournalismreview.org\/pt-br\/monitor-noticias\/"]}]},{"@type":"ImageObject","inLanguage":"pt-BR","@id":"https:\/\/latamjournalismreview.org\/pt-br\/monitor-noticias\/#primaryimage","url":"https:\/\/latamjournalismreview.org\/wp-content\/uploads\/2023\/08\/Logo_News_Monitor_PT.png","contentUrl":"https:\/\/latamjournalismreview.org\/wp-content\/uploads\/2023\/08\/Logo_News_Monitor_PT.png","width":1014,"height":680,"caption":"Monitor de Not\u00edcias"},{"@type":"BreadcrumbList","@id":"https:\/\/latamjournalismreview.org\/pt-br\/monitor-noticias\/#breadcrumb","itemListElement":[{"@type":"ListItem","position":1,"name":"Home","item":"https:\/\/latamjournalismreview.org\/pt-br\/"},{"@type":"ListItem","position":2,"name":"Monitor de Not\u00edcias"}]},{"@type":"WebSite","@id":"https:\/\/latamjournalismreview.org\/pt-br\/#website","url":"https:\/\/latamjournalismreview.org\/pt-br\/","name":"LatAm Journalism Review","description":"Digital magazine on journalism in Latin America","publisher":{"@id":"https:\/\/latamjournalismreview.org\/pt-br\/#organization"},"potentialAction":[{"@type":"SearchAction","target":{"@type":"EntryPoint","urlTemplate":"https:\/\/latamjournalismreview.org\/pt-br\/?s={search_term_string}"},"query-input":{"@type":"PropertyValueSpecification","valueRequired":true,"valueName":"search_term_string"}}],"inLanguage":"pt-BR"},{"@type":"Organization","@id":"https:\/\/latamjournalismreview.org\/pt-br\/#organization","name":"LatAm Journalism Review","url":"https:\/\/latamjournalismreview.org\/pt-br\/","logo":{"@type":"ImageObject","inLanguage":"pt-BR","@id":"https:\/\/latamjournalismreview.org\/pt-br\/#\/schema\/logo\/image\/","url":"https:\/\/latamjournalismreview.org\/wp-content\/uploads\/2020\/05\/knight-latAm-review-logo.svg","contentUrl":"https:\/\/latamjournalismreview.org\/wp-content\/uploads\/2020\/05\/knight-latAm-review-logo.svg","width":"1024","height":"1024","caption":"LatAm Journalism Review"},"image":{"@id":"https:\/\/latamjournalismreview.org\/pt-br\/#\/schema\/logo\/image\/"},"sameAs":["https:\/\/x.com\/LatAmJournalism"]}]}},"_links":{"self":[{"href":"https:\/\/latamjournalismreview.org\/pt-br\/wp-json\/wp\/v2\/pages\/438","targetHints":{"allow":["GET"]}}],"collection":[{"href":"https:\/\/latamjournalismreview.org\/pt-br\/wp-json\/wp\/v2\/pages"}],"about":[{"href":"https:\/\/latamjournalismreview.org\/pt-br\/wp-json\/wp\/v2\/types\/page"}],"author":[{"embeddable":true,"href":"https:\/\/latamjournalismreview.org\/pt-br\/wp-json\/wp\/v2\/users\/2"}],"replies":[{"embeddable":true,"href":"https:\/\/latamjournalismreview.org\/pt-br\/wp-json\/wp\/v2\/comments?post=438"}],"version-history":[{"count":5,"href":"https:\/\/latamjournalismreview.org\/pt-br\/wp-json\/wp\/v2\/pages\/438\/revisions"}],"predecessor-version":[{"id":7555,"href":"https:\/\/latamjournalismreview.org\/pt-br\/wp-json\/wp\/v2\/pages\/438\/revisions\/7555"}],"wp:featuredmedia":[{"embeddable":true,"href":"https:\/\/latamjournalismreview.org\/pt-br\/wp-json\/wp\/v2\/media\/78976"}],"wp:attachment":[{"href":"https:\/\/latamjournalismreview.org\/pt-br\/wp-json\/wp\/v2\/media?parent=438"}],"wp:term":[{"taxonomy":"author","embeddable":true,"href":"https:\/\/latamjournalismreview.org\/pt-br\/wp-json\/wp\/v2\/coauthors?post=438"}],"curies":[{"name":"wp","href":"https:\/\/api.w.org\/{rel}","templated":true}]}}