{"id":442,"date":"2020-02-07T05:03:15","date_gmt":"2020-02-07T05:03:15","guid":{"rendered":"https:\/\/live-lajr.pantheonsite.io\/about-us\/"},"modified":"2021-10-22T14:59:01","modified_gmt":"2021-10-22T19:59:01","slug":"sobre-nos","status":"publish","type":"page","link":"https:\/\/latamjournalismreview.org\/pt-br\/sobre-nos\/","title":{"rendered":"Sobre N\u00f3s"},"content":{"rendered":"<p><span style=\"font-weight: 400;\">Seja bem-vindo \u00e0<\/span><i><span style=\"font-weight: 400;\"> LatAm Journalism Review<\/span><\/i><span style=\"font-weight: 400;\">, uma revista tril\u00edngue digital publicada pelo Centro Knight para o Jornalismo nas Am\u00e9ricas, na Moody College of Communication da Universidade do Texas em Austin.<\/span><\/p>\n<p><span style=\"font-weight: 400;\">O Centro Knight \u00e9 um programa de extens\u00e3o criado em 2002 pelo professor Rosental Calmon Alves, titular da C\u00e1tedra UNESCO em Comunica\u00e7\u00e3o e da C\u00e1tedra Knight de Jornalismo na Escola de Jornalismo da Moody College of Communication.<\/span><\/p>\n<p><span style=\"font-weight: 400;\">O objetivo original do Centro Knight era ajudar jornalistas da Am\u00e9rica Latina e do Caribe com treinamento e capacita\u00e7\u00e3o profissional, mas nos \u00faltimos anos se transformou em uma opera\u00e7\u00e3o global, gra\u00e7as cursos online massivos que atingiram estudantes em 200 pa\u00edses e territ\u00f3rios.<\/span><\/p>\n<p><span style=\"font-weight: 400;\">Desde 2003, o Centro Knight tamb\u00e9m oferece um produto editorial que se tornou uma publica\u00e7\u00e3o de registro de quest\u00f5es relacionadas ao jornalismo e \u00e0 liberdade de imprensa na Am\u00e9rica Latina e no Caribe. H\u00e1 17 anos, o Centro Knight publica o blog Jornalismo nas Am\u00e9ricas, que em junho de 2020 se transformou nesta revista digital.<\/span><\/p>\n<p><span style=\"font-weight: 400;\">Uma equipe de jornalistas com sede nos Estados Unidos e na Am\u00e9rica Latina continua a escrever hist\u00f3rias em ingl\u00eas, espanhol e portugu\u00eas, mas a LJR prioriza reportagens aprofundadas e especiais, ao inv\u00e9s de hard news, que era o foco principal do blog.<\/span><\/p>\n<p><span style=\"font-weight: 400;\">No entanto, na se\u00e7\u00e3o Monitor de Not\u00edcias, os leitores da LJR podem encontrar uma compila\u00e7\u00e3o de manchetes das not\u00edcias mais importantes relacionadas ao jornalismo e liberdade de imprensa publicadas por organiza\u00e7\u00f5es de not\u00edcias da Am\u00e9rica Latina e do Caribe. Os t\u00edtulos e resumos s\u00e3o cuidadosamente traduzidos por nossa equipe e s\u00e3o publicados em ingl\u00eas, espanhol e portugu\u00eas, junto com o link para a fonte original.<\/span><\/p>\n<p><span style=\"font-weight: 400;\">A nossa equipe tamb\u00e9m produz uma newsletter semanal que resume os artigos originais da LatAm Journalism Review e as principais manchetes da semana sobre jornalismo e quest\u00f5es de liberdade de imprensa na regi\u00e3o.<\/span><\/p>\n<p><span style=\"font-weight: 400;\">O Centro Knight se dedica \u00e0 miss\u00e3o de compartilhar conhecimento e promover a capacita\u00e7\u00e3o de jornalistas da Am\u00e9rica Latina e do Caribe e de todo o mundo, por meio desta revista digital e de seus cursos e confer\u00eancias online, como o Simp\u00f3sio Internacional de Jornalismo Online e o Col\u00f3quio Ibero-Americano de Jornalismo Digital.<\/span><\/p>\n<p><span style=\"font-weight: 400;\">Acreditamos que o jornalismo livre e independente \u00e9 um dos pilares de uma sociedade democr\u00e1tica. Esperamos que nosso trabalho contribua para equipar jornalistas com mais conhecimento e ferramentas para cumprir seus pap\u00e9is c\u00edvicos de informar melhor e envolver as comunidades que eles servem.<\/span><\/p>\n<p>&nbsp;<\/p>\n<p>Quer republicar nossos artigos? \u00d3timo! <strong><a href=\"https:\/\/latamjournalismreview.org\/pt-br\/diretrizes-de-republicacao\/\">Nossas diretrizes de republica\u00e7\u00e3o est\u00e3o aqui.<\/a><\/strong><\/p>\n","protected":false},"excerpt":{"rendered":"<p>Seja bem-vindo \u00e0 LatAm Journalism Review, uma revista tril\u00edngue digital publicada pelo Centro Knight para o Jornalismo nas Am\u00e9ricas, na Moody College of Communication da Universidade do Texas em Austin. O Centro Knight \u00e9 um programa de extens\u00e3o criado em 2002 pelo professor Rosental Calmon Alves, titular da C\u00e1tedra UNESCO em Comunica\u00e7\u00e3o e da C\u00e1tedra [&hellip;]<\/p>\n","protected":false},"author":2,"featured_media":0,"parent":0,"menu_order":0,"comment_status":"closed","ping_status":"closed","template":"about.php","meta":{"inline_featured_image":false,"footnotes":""},"coauthors":[],"class_list":["post-442","page","type-page","status-publish","hentry"],"acf":[],"yoast_head":"<!-- This site is optimized with the Yoast SEO Premium plugin v22.6 (Yoast SEO v27.4) - https:\/\/yoast.com\/product\/yoast-seo-premium-wordpress\/ -->\n<title>Sobre N\u00f3s - LatAm Journalism Review by the Knight Center<\/title>\n<meta name=\"description\" content=\"Sobre N\u00f3s\" \/>\n<meta name=\"robots\" content=\"index, follow, max-snippet:-1, max-image-preview:large, max-video-preview:-1\" \/>\n<link rel=\"canonical\" href=\"https:\/\/latamjournalismreview.org\/pt-br\/sobre-nos\/\" \/>\n<meta property=\"og:locale\" content=\"pt_BR\" \/>\n<meta property=\"og:type\" content=\"article\" \/>\n<meta property=\"og:title\" content=\"Sobre N\u00f3s\" \/>\n<meta property=\"og:description\" content=\"Sobre N\u00f3s\" \/>\n<meta property=\"og:url\" content=\"https:\/\/latamjournalismreview.org\/pt-br\/sobre-nos\/\" \/>\n<meta property=\"og:site_name\" content=\"LatAm Journalism Review by the Knight Center\" \/>\n<meta property=\"article:modified_time\" content=\"2021-10-22T19:59:01+00:00\" \/>\n<meta name=\"twitter:card\" content=\"summary_large_image\" \/>\n<meta name=\"twitter:site\" content=\"@LatAmJournalism\" \/>\n<meta name=\"twitter:label1\" content=\"Est. reading time\" \/>\n\t<meta name=\"twitter:data1\" content=\"2 minutos\" \/>\n\t<meta name=\"twitter:label2\" content=\"Written by\" \/>\n\t<meta name=\"twitter:data2\" content=\"Jacqueline Sinex\" \/>\n<script type=\"application\/ld+json\" class=\"yoast-schema-graph\">{\"@context\":\"https:\\\/\\\/schema.org\",\"@graph\":[{\"@type\":\"WebPage\",\"@id\":\"https:\\\/\\\/latamjournalismreview.org\\\/pt-br\\\/sobre-nos\\\/\",\"url\":\"https:\\\/\\\/latamjournalismreview.org\\\/pt-br\\\/sobre-nos\\\/\",\"name\":\"Sobre N\u00f3s - LatAm Journalism Review by the Knight Center\",\"isPartOf\":{\"@id\":\"https:\\\/\\\/latamjournalismreview.org\\\/pt-br\\\/#website\"},\"datePublished\":\"2020-02-07T05:03:15+00:00\",\"dateModified\":\"2021-10-22T19:59:01+00:00\",\"description\":\"Sobre N\u00f3s\",\"breadcrumb\":{\"@id\":\"https:\\\/\\\/latamjournalismreview.org\\\/pt-br\\\/sobre-nos\\\/#breadcrumb\"},\"inLanguage\":\"pt-BR\",\"potentialAction\":[{\"@type\":\"ReadAction\",\"target\":[\"https:\\\/\\\/latamjournalismreview.org\\\/pt-br\\\/sobre-nos\\\/\"]}]},{\"@type\":\"BreadcrumbList\",\"@id\":\"https:\\\/\\\/latamjournalismreview.org\\\/pt-br\\\/sobre-nos\\\/#breadcrumb\",\"itemListElement\":[{\"@type\":\"ListItem\",\"position\":1,\"name\":\"Home\",\"item\":\"https:\\\/\\\/latamjournalismreview.org\\\/pt-br\\\/\"},{\"@type\":\"ListItem\",\"position\":2,\"name\":\"Sobre N\u00f3s\"}]},{\"@type\":\"WebSite\",\"@id\":\"https:\\\/\\\/latamjournalismreview.org\\\/pt-br\\\/#website\",\"url\":\"https:\\\/\\\/latamjournalismreview.org\\\/pt-br\\\/\",\"name\":\"LatAm Journalism Review\",\"description\":\"Digital magazine on journalism in Latin America\",\"publisher\":{\"@id\":\"https:\\\/\\\/latamjournalismreview.org\\\/pt-br\\\/#organization\"},\"potentialAction\":[{\"@type\":\"SearchAction\",\"target\":{\"@type\":\"EntryPoint\",\"urlTemplate\":\"https:\\\/\\\/latamjournalismreview.org\\\/pt-br\\\/?s={search_term_string}\"},\"query-input\":{\"@type\":\"PropertyValueSpecification\",\"valueRequired\":true,\"valueName\":\"search_term_string\"}}],\"inLanguage\":\"pt-BR\"},{\"@type\":\"Organization\",\"@id\":\"https:\\\/\\\/latamjournalismreview.org\\\/pt-br\\\/#organization\",\"name\":\"LatAm Journalism Review\",\"url\":\"https:\\\/\\\/latamjournalismreview.org\\\/pt-br\\\/\",\"logo\":{\"@type\":\"ImageObject\",\"inLanguage\":\"pt-BR\",\"@id\":\"https:\\\/\\\/latamjournalismreview.org\\\/pt-br\\\/#\\\/schema\\\/logo\\\/image\\\/\",\"url\":\"https:\\\/\\\/latamjournalismreview.org\\\/wp-content\\\/uploads\\\/2020\\\/05\\\/knight-latAm-review-logo.svg\",\"contentUrl\":\"https:\\\/\\\/latamjournalismreview.org\\\/wp-content\\\/uploads\\\/2020\\\/05\\\/knight-latAm-review-logo.svg\",\"width\":\"1024\",\"height\":\"1024\",\"caption\":\"LatAm Journalism Review\"},\"image\":{\"@id\":\"https:\\\/\\\/latamjournalismreview.org\\\/pt-br\\\/#\\\/schema\\\/logo\\\/image\\\/\"},\"sameAs\":[\"https:\\\/\\\/x.com\\\/LatAmJournalism\"]}]}<\/script>\n<!-- \/ Yoast SEO Premium plugin. -->","yoast_head_json":{"title":"Sobre N\u00f3s - LatAm Journalism Review by the Knight Center","description":"Sobre N\u00f3s","robots":{"index":"index","follow":"follow","max-snippet":"max-snippet:-1","max-image-preview":"max-image-preview:large","max-video-preview":"max-video-preview:-1"},"canonical":"https:\/\/latamjournalismreview.org\/pt-br\/sobre-nos\/","og_locale":"pt_BR","og_type":"article","og_title":"Sobre N\u00f3s","og_description":"Sobre N\u00f3s","og_url":"https:\/\/latamjournalismreview.org\/pt-br\/sobre-nos\/","og_site_name":"LatAm Journalism Review by the Knight Center","article_modified_time":"2021-10-22T19:59:01+00:00","twitter_card":"summary_large_image","twitter_site":"@LatAmJournalism","twitter_misc":{"Est. reading time":"2 minutos","Written by":"Jacqueline Sinex"},"schema":{"@context":"https:\/\/schema.org","@graph":[{"@type":"WebPage","@id":"https:\/\/latamjournalismreview.org\/pt-br\/sobre-nos\/","url":"https:\/\/latamjournalismreview.org\/pt-br\/sobre-nos\/","name":"Sobre N\u00f3s - LatAm Journalism Review by the Knight Center","isPartOf":{"@id":"https:\/\/latamjournalismreview.org\/pt-br\/#website"},"datePublished":"2020-02-07T05:03:15+00:00","dateModified":"2021-10-22T19:59:01+00:00","description":"Sobre N\u00f3s","breadcrumb":{"@id":"https:\/\/latamjournalismreview.org\/pt-br\/sobre-nos\/#breadcrumb"},"inLanguage":"pt-BR","potentialAction":[{"@type":"ReadAction","target":["https:\/\/latamjournalismreview.org\/pt-br\/sobre-nos\/"]}]},{"@type":"BreadcrumbList","@id":"https:\/\/latamjournalismreview.org\/pt-br\/sobre-nos\/#breadcrumb","itemListElement":[{"@type":"ListItem","position":1,"name":"Home","item":"https:\/\/latamjournalismreview.org\/pt-br\/"},{"@type":"ListItem","position":2,"name":"Sobre N\u00f3s"}]},{"@type":"WebSite","@id":"https:\/\/latamjournalismreview.org\/pt-br\/#website","url":"https:\/\/latamjournalismreview.org\/pt-br\/","name":"LatAm Journalism Review","description":"Digital magazine on journalism in Latin America","publisher":{"@id":"https:\/\/latamjournalismreview.org\/pt-br\/#organization"},"potentialAction":[{"@type":"SearchAction","target":{"@type":"EntryPoint","urlTemplate":"https:\/\/latamjournalismreview.org\/pt-br\/?s={search_term_string}"},"query-input":{"@type":"PropertyValueSpecification","valueRequired":true,"valueName":"search_term_string"}}],"inLanguage":"pt-BR"},{"@type":"Organization","@id":"https:\/\/latamjournalismreview.org\/pt-br\/#organization","name":"LatAm Journalism Review","url":"https:\/\/latamjournalismreview.org\/pt-br\/","logo":{"@type":"ImageObject","inLanguage":"pt-BR","@id":"https:\/\/latamjournalismreview.org\/pt-br\/#\/schema\/logo\/image\/","url":"https:\/\/latamjournalismreview.org\/wp-content\/uploads\/2020\/05\/knight-latAm-review-logo.svg","contentUrl":"https:\/\/latamjournalismreview.org\/wp-content\/uploads\/2020\/05\/knight-latAm-review-logo.svg","width":"1024","height":"1024","caption":"LatAm Journalism Review"},"image":{"@id":"https:\/\/latamjournalismreview.org\/pt-br\/#\/schema\/logo\/image\/"},"sameAs":["https:\/\/x.com\/LatAmJournalism"]}]}},"_links":{"self":[{"href":"https:\/\/latamjournalismreview.org\/pt-br\/wp-json\/wp\/v2\/pages\/442","targetHints":{"allow":["GET"]}}],"collection":[{"href":"https:\/\/latamjournalismreview.org\/pt-br\/wp-json\/wp\/v2\/pages"}],"about":[{"href":"https:\/\/latamjournalismreview.org\/pt-br\/wp-json\/wp\/v2\/types\/page"}],"author":[{"embeddable":true,"href":"https:\/\/latamjournalismreview.org\/pt-br\/wp-json\/wp\/v2\/users\/2"}],"replies":[{"embeddable":true,"href":"https:\/\/latamjournalismreview.org\/pt-br\/wp-json\/wp\/v2\/comments?post=442"}],"version-history":[{"count":5,"href":"https:\/\/latamjournalismreview.org\/pt-br\/wp-json\/wp\/v2\/pages\/442\/revisions"}],"predecessor-version":[{"id":38845,"href":"https:\/\/latamjournalismreview.org\/pt-br\/wp-json\/wp\/v2\/pages\/442\/revisions\/38845"}],"wp:attachment":[{"href":"https:\/\/latamjournalismreview.org\/pt-br\/wp-json\/wp\/v2\/media?parent=442"}],"wp:term":[{"taxonomy":"author","embeddable":true,"href":"https:\/\/latamjournalismreview.org\/pt-br\/wp-json\/wp\/v2\/coauthors?post=442"}],"curies":[{"name":"wp","href":"https:\/\/api.w.org\/{rel}","templated":true}]}}