{"id":448,"date":"2020-02-06T05:39:13","date_gmt":"2020-02-06T05:39:13","guid":{"rendered":"https:\/\/live-lajr.pantheonsite.io\/?page_id=448"},"modified":"2020-06-22T12:53:46","modified_gmt":"2020-06-22T17:53:46","slug":"privacy-policy","status":"publish","type":"page","link":"https:\/\/latamjournalismreview.org\/pt-br\/privacy-policy\/","title":{"rendered":"Pol\u00edtica de Privacidade"},"content":{"rendered":"<p dir=\"ltr\">O Centro Knight para o Jornalismo nas Am\u00e9ricas \u00e9 um projeto n\u00e3o comercial e sem fins lucrativos da Universidade do Texas em Austin, criado em 2002 para ajudar jornalistas com programas educacionais. Levamos as quest\u00f5es de privacidade a s\u00e9rio e entendemos que todas as informa\u00e7\u00f5es pessoais que podemos coletar em nossos programas pertencem \u00e0s pessoas que atendemos, que podem acess\u00e1-las e exclu\u00ed-las a qualquer momento.<\/p>\n<p dir=\"ltr\">O Centro Knight coleta uma quantidade limitada de informa\u00e7\u00f5es pessoais de indiv\u00edduos que se inscreveram em suas atividades, como confer\u00eancias, cursos online e nossas newsletters. Usamos essas informa\u00e7\u00f5es, que s\u00e3o mantidas em servidores seguros, para contatar indiv\u00edduos para que possamos inform\u00e1-los sobre novas atividades que possam interess\u00e1-los e\/ou enviar as newsletters nas quais eles se inscreveram.<\/p>\n<p dir=\"ltr\">Entendemos que as informa\u00e7\u00f5es pessoais pertencem a cada indiv\u00edduo e ele ou ela tem a liberdade de cancelar sua inscri\u00e7\u00e3o em nossas listas de email. Quando algu\u00e9m cancela sua inscri\u00e7\u00e3o, suas informa\u00e7\u00f5es s\u00e3o exclu\u00eddas autom\u00e1tica e imediatamente de nossas listas.<\/p>\n<p dir=\"ltr\">As informa\u00e7\u00f5es pessoais que coletamos podem incluir, mas n\u00e3o se limitam a, nomes, endere\u00e7os de email e o pa\u00eds e a cidade em que o indiv\u00edduo mora. Essas informa\u00e7\u00f5es s\u00e3o coletadas quando voc\u00ea se inscreve em um curso, confer\u00eancia ou newsletter. S\u00e3o informa\u00e7\u00f5es que voc\u00ea nos fornece para participar de nossas atividades, acessar nossos cursos e receber informa\u00e7\u00f5es que voc\u00ea solicitou de n\u00f3s e\/ou que acreditamos serem relevantes para voc\u00ea.<\/p>\n<p dir=\"ltr\">Observe que, depois de se inscrever em um curso, poderemos coletar informa\u00e7\u00f5es geradas pelos alunos, como respostas a question\u00e1rios e coment\u00e1rios postados em nossos f\u00f3runs de discuss\u00e3o. Tenha em mente que esses coment\u00e1rios est\u00e3o dispon\u00edveis para todos os outros alunos do curso. Por esse motivo, aconselhamos que voc\u00ea esteja atento ao decidir se deve publicar qualquer informa\u00e7\u00e3o pessoal nesses f\u00f3runs.<\/p>\n<p dir=\"ltr\">Informa\u00e7\u00f5es imprecisas podem afetar as informa\u00e7\u00f5es que voc\u00ea recebe de n\u00f3s e\/ou nossa capacidade de contat\u00e1-lo. Por exemplo, seu endere\u00e7o de email deve estar atualizado porque essa \u00e9 uma das principais formas de nos comunicarmos com voc\u00ea.<\/p>\n<p dir=\"ltr\">N\u00e3o coletamos informa\u00e7\u00f5es financeiras suas al\u00e9m das informa\u00e7\u00f5es que voc\u00ea envia ao fazer compras no site seguro da Universidade do Texas em Austin que usamos para pagamentos. N\u00e3o temos acesso a essas informa\u00e7\u00f5es e n\u00e3o salvamos as informa\u00e7\u00f5es de pagamento. Todas as informa\u00e7\u00f5es que coletamos s\u00e3o armazenadas em servidores seguros. Usamos servi\u00e7os de terceiros para armazenar nossos dados, incluindo o\u00a0<a href=\"http:\/\/classroomrevolution.com\/\">Classroom Revolution<\/a>, o\u00a0<a href=\"https:\/\/www.activecampaign.com\/\">Active Campaign<\/a>\u00a0e o\u00a0<a href=\"https:\/\/www.google.com\/analytics\/#?modal_active=none\">Google Analytics<\/a>, mas n\u00e3o vendemos nem compartilhamos suas informa\u00e7\u00f5es pessoais ou financeiras com terceiros.<\/p>\n<p dir=\"ltr\">Manteremos sempre a Pol\u00edtica de Privacidade mais atualizada em nosso site e notificaremos voc\u00ea se mudan\u00e7as substanciais forem feitas. Encorajamos voc\u00ea a visitar esta p\u00e1gina periodicamente para garantir que voc\u00ea esteja familiarizado com a vers\u00e3o mais recente de nossa Pol\u00edtica de Privacidade.<\/p>\n<p dir=\"ltr\">Em suma, respeitamos sua privacidade. Voc\u00ea \u00e9 o propriet\u00e1rio de todas as informa\u00e7\u00f5es pessoais que nos fornece e pode acess\u00e1-las e exclu\u00ed-las a qualquer momento.<\/p>\n<p dir=\"ltr\">Se voc\u00ea tiver d\u00favidas ou preocupa\u00e7\u00f5es, por favor, n\u00e3o hesite em contactar-nos em\u00a0<a href=\"mailto:knightcenter@austin.utexas.edu\">knightcenter@austin.utexas.edu<\/a>.<\/p>\n","protected":false},"excerpt":{"rendered":"<p>O Centro Knight para o Jornalismo nas Am\u00e9ricas \u00e9 um projeto n\u00e3o comercial e sem fins lucrativos da Universidade do Texas em Austin, criado em 2002 para ajudar jornalistas com programas educacionais. Levamos as quest\u00f5es de privacidade a s\u00e9rio e entendemos que todas as informa\u00e7\u00f5es pessoais que podemos coletar em nossos programas pertencem \u00e0s pessoas [&hellip;]<\/p>\n","protected":false},"author":2,"featured_media":0,"parent":0,"menu_order":0,"comment_status":"closed","ping_status":"open","template":"","meta":{"inline_featured_image":false,"footnotes":""},"coauthors":[],"class_list":["post-448","page","type-page","status-publish","hentry"],"acf":[],"yoast_head":"<!-- This site is optimized with the Yoast SEO Premium plugin v22.6 (Yoast SEO v27.1.1) - https:\/\/yoast.com\/product\/yoast-seo-premium-wordpress\/ -->\n<title>Pol\u00edtica de Privacidade - LatAm Journalism Review by the Knight Center<\/title>\n<meta name=\"description\" content=\"Pol\u00edtica de Privacidade\" \/>\n<meta name=\"robots\" content=\"index, follow, max-snippet:-1, max-image-preview:large, max-video-preview:-1\" \/>\n<link rel=\"canonical\" href=\"https:\/\/latamjournalismreview.org\/pt-br\/privacy-policy\/\" \/>\n<meta property=\"og:locale\" content=\"pt_BR\" \/>\n<meta property=\"og:type\" content=\"article\" \/>\n<meta property=\"og:title\" content=\"Pol\u00edtica de Privacidade\" \/>\n<meta property=\"og:description\" content=\"Pol\u00edtica de Privacidade\" \/>\n<meta property=\"og:url\" content=\"https:\/\/latamjournalismreview.org\/pt-br\/privacy-policy\/\" \/>\n<meta property=\"og:site_name\" content=\"LatAm Journalism Review by the Knight Center\" \/>\n<meta property=\"article:modified_time\" content=\"2020-06-22T17:53:46+00:00\" \/>\n<meta name=\"twitter:card\" content=\"summary_large_image\" \/>\n<meta name=\"twitter:site\" content=\"@LatAmJournalism\" \/>\n<meta name=\"twitter:label1\" content=\"Est. reading time\" \/>\n\t<meta name=\"twitter:data1\" content=\"3 minutos\" \/>\n\t<meta name=\"twitter:label2\" content=\"Written by\" \/>\n\t<meta name=\"twitter:data2\" content=\"Jacqueline Sinex\" \/>\n<script type=\"application\/ld+json\" class=\"yoast-schema-graph\">{\"@context\":\"https:\/\/schema.org\",\"@graph\":[{\"@type\":\"WebPage\",\"@id\":\"https:\/\/latamjournalismreview.org\/pt-br\/privacy-policy\/\",\"url\":\"https:\/\/latamjournalismreview.org\/pt-br\/privacy-policy\/\",\"name\":\"Pol\u00edtica de Privacidade - LatAm Journalism Review by the Knight Center\",\"isPartOf\":{\"@id\":\"https:\/\/latamjournalismreview.org\/pt-br\/#website\"},\"datePublished\":\"2020-02-06T05:39:13+00:00\",\"dateModified\":\"2020-06-22T17:53:46+00:00\",\"description\":\"Pol\u00edtica de Privacidade\",\"breadcrumb\":{\"@id\":\"https:\/\/latamjournalismreview.org\/pt-br\/privacy-policy\/#breadcrumb\"},\"inLanguage\":\"pt-BR\",\"potentialAction\":[{\"@type\":\"ReadAction\",\"target\":[\"https:\/\/latamjournalismreview.org\/pt-br\/privacy-policy\/\"]}]},{\"@type\":\"BreadcrumbList\",\"@id\":\"https:\/\/latamjournalismreview.org\/pt-br\/privacy-policy\/#breadcrumb\",\"itemListElement\":[{\"@type\":\"ListItem\",\"position\":1,\"name\":\"Home\",\"item\":\"https:\/\/latamjournalismreview.org\/pt-br\/\"},{\"@type\":\"ListItem\",\"position\":2,\"name\":\"Pol\u00edtica de Privacidade\"}]},{\"@type\":\"WebSite\",\"@id\":\"https:\/\/latamjournalismreview.org\/pt-br\/#website\",\"url\":\"https:\/\/latamjournalismreview.org\/pt-br\/\",\"name\":\"LatAm Journalism Review\",\"description\":\"Digital magazine on journalism in Latin America\",\"publisher\":{\"@id\":\"https:\/\/latamjournalismreview.org\/pt-br\/#organization\"},\"potentialAction\":[{\"@type\":\"SearchAction\",\"target\":{\"@type\":\"EntryPoint\",\"urlTemplate\":\"https:\/\/latamjournalismreview.org\/pt-br\/?s={search_term_string}\"},\"query-input\":{\"@type\":\"PropertyValueSpecification\",\"valueRequired\":true,\"valueName\":\"search_term_string\"}}],\"inLanguage\":\"pt-BR\"},{\"@type\":\"Organization\",\"@id\":\"https:\/\/latamjournalismreview.org\/pt-br\/#organization\",\"name\":\"LatAm Journalism Review\",\"url\":\"https:\/\/latamjournalismreview.org\/pt-br\/\",\"logo\":{\"@type\":\"ImageObject\",\"inLanguage\":\"pt-BR\",\"@id\":\"https:\/\/latamjournalismreview.org\/pt-br\/#\/schema\/logo\/image\/\",\"url\":\"https:\/\/latamjournalismreview.org\/wp-content\/uploads\/2020\/05\/knight-latAm-review-logo.svg\",\"contentUrl\":\"https:\/\/latamjournalismreview.org\/wp-content\/uploads\/2020\/05\/knight-latAm-review-logo.svg\",\"width\":\"1024\",\"height\":\"1024\",\"caption\":\"LatAm Journalism Review\"},\"image\":{\"@id\":\"https:\/\/latamjournalismreview.org\/pt-br\/#\/schema\/logo\/image\/\"},\"sameAs\":[\"https:\/\/x.com\/LatAmJournalism\"]}]}<\/script>\n<!-- \/ Yoast SEO Premium plugin. -->","yoast_head_json":{"title":"Pol\u00edtica de Privacidade - LatAm Journalism Review by the Knight Center","description":"Pol\u00edtica de Privacidade","robots":{"index":"index","follow":"follow","max-snippet":"max-snippet:-1","max-image-preview":"max-image-preview:large","max-video-preview":"max-video-preview:-1"},"canonical":"https:\/\/latamjournalismreview.org\/pt-br\/privacy-policy\/","og_locale":"pt_BR","og_type":"article","og_title":"Pol\u00edtica de Privacidade","og_description":"Pol\u00edtica de Privacidade","og_url":"https:\/\/latamjournalismreview.org\/pt-br\/privacy-policy\/","og_site_name":"LatAm Journalism Review by the Knight Center","article_modified_time":"2020-06-22T17:53:46+00:00","twitter_card":"summary_large_image","twitter_site":"@LatAmJournalism","twitter_misc":{"Est. reading time":"3 minutos","Written by":"Jacqueline Sinex"},"schema":{"@context":"https:\/\/schema.org","@graph":[{"@type":"WebPage","@id":"https:\/\/latamjournalismreview.org\/pt-br\/privacy-policy\/","url":"https:\/\/latamjournalismreview.org\/pt-br\/privacy-policy\/","name":"Pol\u00edtica de Privacidade - LatAm Journalism Review by the Knight Center","isPartOf":{"@id":"https:\/\/latamjournalismreview.org\/pt-br\/#website"},"datePublished":"2020-02-06T05:39:13+00:00","dateModified":"2020-06-22T17:53:46+00:00","description":"Pol\u00edtica de Privacidade","breadcrumb":{"@id":"https:\/\/latamjournalismreview.org\/pt-br\/privacy-policy\/#breadcrumb"},"inLanguage":"pt-BR","potentialAction":[{"@type":"ReadAction","target":["https:\/\/latamjournalismreview.org\/pt-br\/privacy-policy\/"]}]},{"@type":"BreadcrumbList","@id":"https:\/\/latamjournalismreview.org\/pt-br\/privacy-policy\/#breadcrumb","itemListElement":[{"@type":"ListItem","position":1,"name":"Home","item":"https:\/\/latamjournalismreview.org\/pt-br\/"},{"@type":"ListItem","position":2,"name":"Pol\u00edtica de Privacidade"}]},{"@type":"WebSite","@id":"https:\/\/latamjournalismreview.org\/pt-br\/#website","url":"https:\/\/latamjournalismreview.org\/pt-br\/","name":"LatAm Journalism Review","description":"Digital magazine on journalism in Latin America","publisher":{"@id":"https:\/\/latamjournalismreview.org\/pt-br\/#organization"},"potentialAction":[{"@type":"SearchAction","target":{"@type":"EntryPoint","urlTemplate":"https:\/\/latamjournalismreview.org\/pt-br\/?s={search_term_string}"},"query-input":{"@type":"PropertyValueSpecification","valueRequired":true,"valueName":"search_term_string"}}],"inLanguage":"pt-BR"},{"@type":"Organization","@id":"https:\/\/latamjournalismreview.org\/pt-br\/#organization","name":"LatAm Journalism Review","url":"https:\/\/latamjournalismreview.org\/pt-br\/","logo":{"@type":"ImageObject","inLanguage":"pt-BR","@id":"https:\/\/latamjournalismreview.org\/pt-br\/#\/schema\/logo\/image\/","url":"https:\/\/latamjournalismreview.org\/wp-content\/uploads\/2020\/05\/knight-latAm-review-logo.svg","contentUrl":"https:\/\/latamjournalismreview.org\/wp-content\/uploads\/2020\/05\/knight-latAm-review-logo.svg","width":"1024","height":"1024","caption":"LatAm Journalism Review"},"image":{"@id":"https:\/\/latamjournalismreview.org\/pt-br\/#\/schema\/logo\/image\/"},"sameAs":["https:\/\/x.com\/LatAmJournalism"]}]}},"_links":{"self":[{"href":"https:\/\/latamjournalismreview.org\/pt-br\/wp-json\/wp\/v2\/pages\/448","targetHints":{"allow":["GET"]}}],"collection":[{"href":"https:\/\/latamjournalismreview.org\/pt-br\/wp-json\/wp\/v2\/pages"}],"about":[{"href":"https:\/\/latamjournalismreview.org\/pt-br\/wp-json\/wp\/v2\/types\/page"}],"author":[{"embeddable":true,"href":"https:\/\/latamjournalismreview.org\/pt-br\/wp-json\/wp\/v2\/users\/2"}],"replies":[{"embeddable":true,"href":"https:\/\/latamjournalismreview.org\/pt-br\/wp-json\/wp\/v2\/comments?post=448"}],"version-history":[{"count":3,"href":"https:\/\/latamjournalismreview.org\/pt-br\/wp-json\/wp\/v2\/pages\/448\/revisions"}],"predecessor-version":[{"id":7951,"href":"https:\/\/latamjournalismreview.org\/pt-br\/wp-json\/wp\/v2\/pages\/448\/revisions\/7951"}],"wp:attachment":[{"href":"https:\/\/latamjournalismreview.org\/pt-br\/wp-json\/wp\/v2\/media?parent=448"}],"wp:term":[{"taxonomy":"author","embeddable":true,"href":"https:\/\/latamjournalismreview.org\/pt-br\/wp-json\/wp\/v2\/coauthors?post=448"}],"curies":[{"name":"wp","href":"https:\/\/api.w.org\/{rel}","templated":true}]}}